{"id":10921,"date":"2018-12-25T22:57:40","date_gmt":"2018-12-25T22:57:40","guid":{"rendered":"https:\/\/enirentcar.com\/?page_id=10921"},"modified":"2018-12-25T22:57:41","modified_gmt":"2018-12-25T22:57:41","slug":"privacy-policy-2","status":"publish","type":"page","link":"https:\/\/www.enirentcar.com\/al\/privacy-policy-2\/","title":{"rendered":"Kushtet e Qeras"},"content":{"rendered":"<h3 class=\"wp-block-heading\">\u201cEni Car Rental\u201d \u00ebsht\u00eb zyrtarisht q\u00eb nga viti 2005, Aktiviteti yn\u00eb kryesor \u00ebsht\u00eb i fokusuar n\u00eb Sh\u00ebrbimet e makinave me qira dhe servis makinash. Ne ofrojm\u00eb t\u00eb gjitha llojet e makinave me \u00e7mime m\u00eb konkurruese dhe Sh\u00ebrbim profesional ne riparim makinash. <\/h3>\n\n\n\n<p><strong>Kerkesat:<\/strong><\/p>\n\n\n\n<p>Pasaport dhe Patente<\/p>\n\n\n\n<p>Pagese ne dore ose me banke<\/p>\n\n\n\n<p>Marr\u00ebveshjet dhe p\u00ebrdorimi i automjetit me kujdes<\/p>\n\n\n\n<p><strong>Qeraja perfshin:<\/strong><\/p>\n\n\n\n<ul class=\"wp-block-list\"><li>Perdorimi i makines brenda dhe jasht vendit<\/li><li>Siguracion Kasko &amp; TPL<\/li><li>kilometra pa limit<\/li><li>Drejtim me shum se nje shofer<\/li><li>Asistence 24 ore<\/li><li>Taksat TVSH jan perfshire ne cmimin e qeras ditore<\/li><\/ul>\n\n\n\n<p><strong>Dokumentat:<br><\/strong>P\u00ebr t\u00eb marr\u00eb automjete me qira, \u00e7do klient duhet t\u00eb paraqes\u00eb:<\/p>\n\n\n\n<ul class=\"wp-block-list\"><li>Pasaport ose kart identiteti dhe,<\/li><li>Patente<\/li><\/ul>\n\n\n\n<p><strong>Pagesa e Qerase<br><\/strong>Pagesat e qiras\u00eb kryen pagesa t\u00eb plota, para ose n\u00eb koh\u00ebn kur automjeti jepet me qira.<\/p>\n\n\n\n<p><strong>Nuk nevojitet Garanci depozit<\/strong><\/p>\n\n\n\n<p><strong>Kushtet bazike<\/strong><\/p>\n\n\n\n<ul class=\"wp-block-list\"><li>Qera ditore: 24 ore<\/li><li>Vonesa: 1 or\u00eb falas. Pas 1 1\/4 or\u00eb \u00e7do or\u00eb t\u00eb qiras\u00eb ditore. Pas 4 or\u00ebsh t\u00eb paguhet nj\u00eb dit\u00eb shtes\u00eb.<\/li><li>Karburanti dorezohet ne nivelin sikur ishte ne marrje<\/li><li>Makina duhet te rikthehet ne gjendje te paster<\/li><\/ul>\n\n\n\n<p><strong>Udh\u00ebtimi jasht\u00eb Shqip\u00ebris\u00eb: Konsumator\u00ebt duhet t\u00eb blejn\u00eb taksen e kufirit.<\/strong><\/p>\n\n\n\n<p><strong>Note:&nbsp;<\/strong>Qeraja nuk perfshin:<\/p>\n\n\n\n<ul class=\"wp-block-list\"><li>Karburantin<\/li><li>Gjobat<\/li><li>Taksen e kufirit<\/li><\/ul>\n\n\n\n<p>Per me shume informacione na kontaktoni me email ose telefonini ne numrat e telefonit te poshte shenuara Cel: +355684057066, +355682020803 , Email:\u00a0<a href=\"mailto:info@albaniaairportrentacar.al\">info@enirentcar.al<\/a><\/p>\n\n\n\n<p><\/p>","protected":false},"excerpt":{"rendered":"<p>Eni Car Rental is officially from 2005, Our main activity is focused in \u201cRent &amp; Car Services\u201d. We offer all kind of cars with the most competitive prices and Professional Car Service. Requirements: Passport and &#8230;<\/p>","protected":false},"author":1,"featured_media":0,"parent":0,"menu_order":0,"comment_status":"closed","ping_status":"closed","template":"","meta":{"footnotes":""},"yst_prominent_words":[],"class_list":["post-10921","page","type-page","status-publish","hentry"],"_links":{"self":[{"href":"https:\/\/www.enirentcar.com\/al\/wp-json\/wp\/v2\/pages\/10921","targetHints":{"allow":["GET"]}}],"collection":[{"href":"https:\/\/www.enirentcar.com\/al\/wp-json\/wp\/v2\/pages"}],"about":[{"href":"https:\/\/www.enirentcar.com\/al\/wp-json\/wp\/v2\/types\/page"}],"author":[{"embeddable":true,"href":"https:\/\/www.enirentcar.com\/al\/wp-json\/wp\/v2\/users\/1"}],"replies":[{"embeddable":true,"href":"https:\/\/www.enirentcar.com\/al\/wp-json\/wp\/v2\/comments?post=10921"}],"version-history":[{"count":1,"href":"https:\/\/www.enirentcar.com\/al\/wp-json\/wp\/v2\/pages\/10921\/revisions"}],"predecessor-version":[{"id":10925,"href":"https:\/\/www.enirentcar.com\/al\/wp-json\/wp\/v2\/pages\/10921\/revisions\/10925"}],"wp:attachment":[{"href":"https:\/\/www.enirentcar.com\/al\/wp-json\/wp\/v2\/media?parent=10921"}],"wp:term":[{"taxonomy":"yst_prominent_words","embeddable":true,"href":"https:\/\/www.enirentcar.com\/al\/wp-json\/wp\/v2\/yst_prominent_words?post=10921"}],"curies":[{"name":"wp","href":"https:\/\/api.w.org\/{rel}","templated":true}]}}