{"id":11417,"date":"2021-10-25T10:20:13","date_gmt":"2021-10-25T10:20:13","guid":{"rendered":"https:\/\/enirentcar.com\/?page_id=11417"},"modified":"2021-10-25T10:37:37","modified_gmt":"2021-10-25T10:37:37","slug":"about-us","status":"publish","type":"page","link":"https:\/\/www.enirentcar.com\/al\/about-us\/","title":{"rendered":"ABOUT US"},"content":{"rendered":"<p class=\"has-large-font-size\">Eni Car Rental &#8211; Makina me qera<\/p>\n\n\n\n<div class=\"wp-block-cover has-background-dim\"><img loading=\"lazy\" decoding=\"async\" width=\"1024\" height=\"1024\" class=\"wp-block-cover__image-background wp-image-11418\" alt=\"\" src=\"https:\/\/enirentcar.com\/wp-content\/uploads\/2021\/10\/131899591_758569144869059_8791801816837825319_n-1024x1024.jpg\" data-object-fit=\"cover\" srcset=\"https:\/\/www.enirentcar.com\/wp-content\/uploads\/2021\/10\/131899591_758569144869059_8791801816837825319_n-1024x1024.jpg 1024w, https:\/\/www.enirentcar.com\/wp-content\/uploads\/2021\/10\/131899591_758569144869059_8791801816837825319_n-300x300.jpg 300w, https:\/\/www.enirentcar.com\/wp-content\/uploads\/2021\/10\/131899591_758569144869059_8791801816837825319_n-150x150.jpg 150w, https:\/\/www.enirentcar.com\/wp-content\/uploads\/2021\/10\/131899591_758569144869059_8791801816837825319_n-768x768.jpg 768w, https:\/\/www.enirentcar.com\/wp-content\/uploads\/2021\/10\/131899591_758569144869059_8791801816837825319_n-1536x1536.jpg 1536w, https:\/\/www.enirentcar.com\/wp-content\/uploads\/2021\/10\/131899591_758569144869059_8791801816837825319_n-2048x2048.jpg 2048w, https:\/\/www.enirentcar.com\/wp-content\/uploads\/2021\/10\/131899591_758569144869059_8791801816837825319_n-200x200.jpg 200w, https:\/\/www.enirentcar.com\/wp-content\/uploads\/2021\/10\/131899591_758569144869059_8791801816837825319_n-600x600.jpg 600w, https:\/\/www.enirentcar.com\/wp-content\/uploads\/2021\/10\/131899591_758569144869059_8791801816837825319_n-1000x1000.jpg 1000w, https:\/\/www.enirentcar.com\/wp-content\/uploads\/2021\/10\/131899591_758569144869059_8791801816837825319_n-100x100.jpg 100w, https:\/\/www.enirentcar.com\/wp-content\/uploads\/2021\/10\/131899591_758569144869059_8791801816837825319_n.jpg 1280w\" sizes=\"auto, (max-width: 1024px) 100vw, 1024px\" \/><div class=\"wp-block-cover__inner-container is-layout-flow wp-block-cover-is-layout-flow\">\n<p class=\"has-text-align-center has-large-font-size\"><\/p>\n<\/div><\/div>\n\n\n\n<h2 class=\"wp-block-heading\">Makina me Qera Eni Car Rental \u00ebsht\u00eb zyrtarisht q\u00eb nga viti 2005, Aktiviteti yn\u00eb kryesor \u00ebsht\u00eb p\u00ebrqendruar n\u00eb \"Makina me Qira dhe Servis Makinash\". Ne ofrojm\u00eb t\u00eb gjitha llojet e makinave me \u00e7mimet m\u00eb konkurruese dhe Sh\u00ebrbimin Profesional t\u00eb Automjeteve.<\/h2>","protected":false},"excerpt":{"rendered":"<p>Eni Car Rental &#8211; Makina me qera Makina me Qera Eni Car Rental is officially since 2005, Our main activity is focused in \u201cRent &amp; Car Services\u201d. We offer all kind of cars with the most competitive prices and &#8230;<\/p>","protected":false},"author":1,"featured_media":0,"parent":0,"menu_order":0,"comment_status":"closed","ping_status":"closed","template":"","meta":{"footnotes":""},"yst_prominent_words":[322,198],"class_list":["post-11417","page","type-page","status-publish","hentry"],"_links":{"self":[{"href":"https:\/\/www.enirentcar.com\/al\/wp-json\/wp\/v2\/pages\/11417","targetHints":{"allow":["GET"]}}],"collection":[{"href":"https:\/\/www.enirentcar.com\/al\/wp-json\/wp\/v2\/pages"}],"about":[{"href":"https:\/\/www.enirentcar.com\/al\/wp-json\/wp\/v2\/types\/page"}],"author":[{"embeddable":true,"href":"https:\/\/www.enirentcar.com\/al\/wp-json\/wp\/v2\/users\/1"}],"replies":[{"embeddable":true,"href":"https:\/\/www.enirentcar.com\/al\/wp-json\/wp\/v2\/comments?post=11417"}],"version-history":[{"count":3,"href":"https:\/\/www.enirentcar.com\/al\/wp-json\/wp\/v2\/pages\/11417\/revisions"}],"predecessor-version":[{"id":11424,"href":"https:\/\/www.enirentcar.com\/al\/wp-json\/wp\/v2\/pages\/11417\/revisions\/11424"}],"wp:attachment":[{"href":"https:\/\/www.enirentcar.com\/al\/wp-json\/wp\/v2\/media?parent=11417"}],"wp:term":[{"taxonomy":"yst_prominent_words","embeddable":true,"href":"https:\/\/www.enirentcar.com\/al\/wp-json\/wp\/v2\/yst_prominent_words?post=11417"}],"curies":[{"name":"wp","href":"https:\/\/api.w.org\/{rel}","templated":true}]}}